{"id":100,"date":"2017-04-14T18:28:36","date_gmt":"2017-04-14T18:28:36","guid":{"rendered":"http:\/\/www.skulpturenprojekt-hardt.de\/?page_id=100"},"modified":"2022-06-15T20:36:17","modified_gmt":"2022-06-15T20:36:17","slug":"blank","status":"publish","type":"page","link":"https:\/\/www.skulpturenprojekt-hardt.de\/","title":{"rendered":"Aktuell"},"content":{"rendered":"<div id=\"pl-100\"  class=\"panel-layout\" >\n<div id=\"pg-100-0\"  class=\"panel-grid panel-no-style\"  data-style=\"{&quot;background_display&quot;:&quot;tile&quot;,&quot;cell_alignment&quot;:&quot;flex-start&quot;}\" >\n<div id=\"pgc-100-0-0\"  class=\"panel-grid-cell panel-grid-cell-mobile-last\"  data-weight=\"0.89233157149315\" >\n<div id=\"panel-100-0-0-0\" class=\"so-panel widget widget_sow-editor panel-first-child panel-last-child\" data-index=\"0\" data-style=\"{&quot;background_image_attachment&quot;:false,&quot;background_display&quot;:&quot;tile&quot;}\" >\n<div class=\"so-widget-sow-editor so-widget-sow-editor-base\">\n<div class=\"siteorigin-widget-tinymce textwidget\">\n<div><b>10. SKULPTURENPROJEKT HARDT\u00a0<\/b><\/div>\n<div><b><span style=\"font-size: large;\">Botanischer Garten Wuppertal<\/span><\/b><\/div>\n<\/div>\n<\/div>\n<\/div>\n<\/div>\n<div id=\"pgc-100-0-1\"  class=\"panel-grid-cell panel-grid-cell-empty\"  data-weight=\"0.10766842850685\" ><\/div>\n<\/div>\n<div id=\"pg-100-1\"  class=\"panel-grid panel-no-style\"  data-style=\"{&quot;background_display&quot;:&quot;tile&quot;,&quot;cell_alignment&quot;:&quot;flex-start&quot;}\" >\n<div id=\"pgc-100-1-0\"  class=\"panel-grid-cell panel-grid-cell-mobile-last\"  data-weight=\"0.89180571363992\" >\n<div id=\"panel-100-1-0-0\" class=\"so-panel widget widget_sow-editor panel-first-child panel-last-child\" data-index=\"1\" data-style=\"{&quot;background_image_attachment&quot;:false,&quot;background_display&quot;:&quot;tile&quot;}\" >\n<div class=\"so-widget-sow-editor so-widget-sow-editor-base\">\n<div class=\"siteorigin-widget-tinymce textwidget\">\n<p><b>03.07.2022 &#8211; 30.09.2022<br \/>\n<\/b><\/p>\n<div>\n<div dir=\"ltr\">K\u00fcnstler*Innen:<\/div>\n<div dir=\"ltr\"><strong>Maike Denker, Ahu Dural, Jochen Damian Fischer, Wolfgang Flad, Bernd Kastner, Renate L\u00f6bbecke, Katharina Maderthaner, Dorothea Nold, Thomas Rentmeister, David Semper, Johannes Specks<br \/>\n<\/strong><\/div>\n<\/div>\n<\/div>\n<\/div>\n<\/div>\n<\/div>\n<div id=\"pgc-100-1-1\"  class=\"panel-grid-cell panel-grid-cell-empty\"  data-weight=\"0.10819428636008\" ><\/div>\n<\/div>\n<div id=\"pg-100-2\"  class=\"panel-grid panel-no-style\"  data-style=\"{&quot;background_display&quot;:&quot;tile&quot;,&quot;cell_alignment&quot;:&quot;flex-start&quot;}\" >\n<div id=\"pgc-100-2-0\"  class=\"panel-grid-cell panel-grid-cell-mobile-last\"  data-weight=\"0.89180571363992\" >\n<div id=\"panel-100-2-0-0\" class=\"so-panel widget widget_sow-editor panel-first-child panel-last-child\" data-index=\"2\" data-style=\"{&quot;background_image_attachment&quot;:false,&quot;background_display&quot;:&quot;tile&quot;}\" >\n<div class=\"so-widget-sow-editor so-widget-sow-editor-base\">\n<div class=\"siteorigin-widget-tinymce textwidget\">\n<div>\n<div dir=\"ltr\">Organisation:<\/div>\n<div dir=\"ltr\">\n<div>\n<div><strong>Jaana Caspary, Jonas Hohnke, Charlotte Perrin <\/strong><\/div>\n<div><strong>mit der Unterst\u00fctzung vom Verein der Freunde und F\u00f6rderer des Botanischen Gartens Wuppertal e. V<\/strong><\/div>\n<\/div>\n<\/div>\n<\/div>\n<\/div>\n<\/div>\n<\/div>\n<\/div>\n<div id=\"pgc-100-2-1\"  class=\"panel-grid-cell panel-grid-cell-empty\"  data-weight=\"0.10819428636008\" ><\/div>\n<\/div>\n<div id=\"pg-100-3\"  class=\"panel-grid panel-no-style\"  data-style=\"{&quot;background_image_attachment&quot;:false,&quot;background_display&quot;:&quot;tile&quot;,&quot;cell_alignment&quot;:&quot;flex-start&quot;}\" >\n<div id=\"pgc-100-3-0\"  class=\"panel-grid-cell panel-grid-cell-mobile-last\"  data-weight=\"0.89180571363992\" >\n<div id=\"panel-100-3-0-0\" class=\"so-panel widget widget_sow-editor panel-first-child panel-last-child\" data-index=\"3\" data-style=\"{&quot;background_image_attachment&quot;:false,&quot;background_display&quot;:&quot;tile&quot;}\" >\n<div class=\"so-widget-sow-editor so-widget-sow-editor-base\">\n<div class=\"siteorigin-widget-tinymce textwidget\">\n<div>\n<div dir=\"ltr\">\n<div>\n<div dir=\"ltr\">F\u00f6rderer\/Sponsoren:<\/div>\n<div dir=\"ltr\"><strong>Bergischer Kulturfonds, Jackst\u00e4dt Stiftung, Stadtsparkasse Wuppertal, Kulturb\u00fcro Wuppertal<\/strong><\/div>\n<\/div>\n<\/div>\n<\/div>\n<\/div>\n<\/div>\n<\/div>\n<\/div>\n<div id=\"pgc-100-3-1\"  class=\"panel-grid-cell panel-grid-cell-empty\"  data-weight=\"0.10819428636008\" ><\/div>\n<\/div>\n<div id=\"pg-100-4\"  class=\"panel-grid panel-no-style\"  data-style=\"{&quot;background_image_attachment&quot;:false,&quot;background_display&quot;:&quot;tile&quot;,&quot;cell_alignment&quot;:&quot;flex-start&quot;}\" >\n<div id=\"pgc-100-4-0\"  class=\"panel-grid-cell panel-grid-cell-mobile-last\"  data-weight=\"0.89180571363992\" >\n<div id=\"panel-100-4-0-0\" class=\"so-panel widget widget_sow-editor panel-first-child panel-last-child\" data-index=\"4\" data-style=\"{&quot;background_image_attachment&quot;:false,&quot;background_display&quot;:&quot;tile&quot;}\" >\n<div class=\"so-widget-sow-editor so-widget-sow-editor-base\">\n<div class=\"siteorigin-widget-tinymce textwidget\">\n<div>\n<div dir=\"ltr\">\n<div>\n<div dir=\"ltr\">Er\u00f6ffnung: <strong>Sonntag, 03.07.2022\u00a0 <\/strong><\/div>\n<div dir=\"ltr\"><strong>11 Uhr \/ Er\u00f6ffnungsrede \/ Wilko Austermann <\/strong><\/div>\n<div dir=\"ltr\"><strong>14 Uhr \/ Konzert \/ Reset 2.0 \/ <\/strong>Bass: Enno Gremser, Piano: Peter Ryzek,<br \/>\nGitarren: Peter Caspary, Synthesizer, Percussion: Daxophon<\/div>\n<\/div>\n<\/div>\n<div>\n<div dir=\"ltr\"><\/div>\n<div dir=\"ltr\">\u00d6ffnungszeiten: <strong>Montag bis Freitag \/ 7:30 bis 19:00 Uhr <\/strong><\/div>\n<\/div>\n<p><strong>Samstags, Sonntags und an Feiertagen \/ 9:00 bis 19:00 Uhr<\/strong><\/p>\n<\/div>\n<p>&nbsp;<\/p>\n<\/div>\n<\/div>\n<\/div>\n<\/div>\n<div id=\"pgc-100-4-1\"  class=\"panel-grid-cell panel-grid-cell-empty\"  data-weight=\"0.10819428636008\" ><\/div>\n<\/div>\n<div id=\"pg-100-5\"  class=\"panel-grid panel-no-style\"  data-style=\"{&quot;background_image_attachment&quot;:false,&quot;background_display&quot;:&quot;tile&quot;,&quot;cell_alignment&quot;:&quot;flex-start&quot;}\" >\n<div id=\"pgc-100-5-0\"  class=\"panel-grid-cell panel-grid-cell-mobile-last\"  data-weight=\"0.89180571363992\" >\n<div id=\"panel-100-5-0-0\" class=\"so-panel widget widget_sow-editor panel-first-child panel-last-child\" data-index=\"5\" data-style=\"{&quot;background_image_attachment&quot;:false,&quot;background_display&quot;:&quot;tile&quot;}\" >\n<div class=\"so-widget-sow-editor so-widget-sow-editor-base\">\n<div class=\"siteorigin-widget-tinymce textwidget\">\n<div>\n<div dir=\"ltr\">\n<div><b>Botanischer Garten auf der Hardt in Wuppertal<\/b><\/div>\n<\/div>\n<p>Elisenh\u00f6he 1, 42107 Wuppertal<br clear=\"none\" \/><a href=\"https:\/\/www.skulpturenprojekt-hardt.de\/\">www.skulpturenprojekt-hardt.de<\/a><br clear=\"none\" \/><a href=\"http:\/\/www.botanischer-garten-wuppertal.de\/wordpress\/\">www.botanischer-garten-wuppertal.de<\/a><\/p>\n<p><a href=\"https:\/\/www.instagram.com\/skulpturenprojekt_hardt\/?hl=fr\">@skulpturenprojekt_hardt<\/a><\/p>\n<\/div>\n<p>&nbsp;<\/p>\n<\/div>\n<\/div>\n<\/div>\n<\/div>\n<div id=\"pgc-100-5-1\"  class=\"panel-grid-cell panel-grid-cell-empty\"  data-weight=\"0.10819428636008\" ><\/div>\n<\/div>\n<div id=\"pg-100-6\"  class=\"panel-grid panel-no-style\"  data-style=\"{&quot;background_display&quot;:&quot;tile&quot;,&quot;cell_alignment&quot;:&quot;flex-start&quot;}\" >\n<div id=\"pgc-100-6-0\"  class=\"panel-grid-cell panel-grid-cell-mobile-last\"  data-weight=\"0.88978559723601\" >\n<div id=\"panel-100-6-0-0\" class=\"so-panel widget widget_sow-editor panel-first-child panel-last-child\" data-index=\"6\" data-style=\"{&quot;background_image_attachment&quot;:false,&quot;background_display&quot;:&quot;tile&quot;}\" >\n<div class=\"so-widget-sow-editor so-widget-sow-editor-base\">\n<div class=\"siteorigin-widget-tinymce textwidget\">\n<p>2009 hat Oswald Gibiec-Oberhoff, Designer und K\u00fcnstler aus Wuppertal, das Skulpturenprojekt im Botanischen Garten Hardt ins Leben gerufen und bis 2017 durchgef\u00fchrt. Seitdem ist der Kunstsommer auf der Hardt zu einem festen und erfolgreichen Bestandteil der Wuppertaler Kulturszene geworden.<\/p>\n<p>Wir freuen uns, das 10. Skulpturenprojekt Hardt in Zusammenarbeit mit dem Verein der Freunde und F\u00f6rderer des Botanischen Gartens fortzuf\u00fchren. Der botanische Garten bietet den K\u00fcnstlern einen ungew\u00f6hnlichen und inspirierenden Ausstellungsort. F\u00fcr die Ausstellung wurde kein Thema vorgegeben, um den ausstellenden K\u00fcnstler*innen die gr\u00f6\u00dftm\u00f6gliche Freiheit innerhalb ihres Schaffens in Bezug auf den besonderen Ort zu gew\u00e4hren.<\/p>\n<p>Wir laden Sie herzlich zum 10. Skulpturenprojekt im Botanischen Garten Wuppertal ein. Eine Ausstellung mit Skulpturen und Installationen von insgesamt 11 K\u00fcnstler*innen, die zum gr\u00f6\u00dften Teil speziell f\u00fcr die Gartenanlage entwickelt wurden. Wir freuen uns auf Ihren Besuch.<\/p>\n<\/div>\n<\/div>\n<\/div>\n<\/div>\n<div id=\"pgc-100-6-1\"  class=\"panel-grid-cell panel-grid-cell-empty\"  data-weight=\"0.11021440276399\" ><\/div>\n<\/div>\n<div id=\"pg-100-7\"  class=\"panel-grid panel-no-style\"  data-style=\"{&quot;background_display&quot;:&quot;tile&quot;,&quot;cell_alignment&quot;:&quot;flex-start&quot;}\" >\n<div id=\"pgc-100-7-0\"  class=\"panel-grid-cell panel-grid-cell-mobile-last\"  data-weight=\"0.88982595920212\" >\n<div id=\"panel-100-7-0-0\" class=\"so-panel widget widget_sow-editor panel-first-child panel-last-child\" data-index=\"7\" data-style=\"{&quot;background_image_attachment&quot;:false,&quot;background_display&quot;:&quot;tile&quot;}\" >\n<div class=\"so-widget-sow-editor so-widget-sow-editor-base\">\n<div class=\"siteorigin-widget-tinymce textwidget\">\n<p>Herzlichen Dank an die F\u00f6rderer und Unterst\u00fctzer:<\/p>\n<ul>\n<li><a href=\"http:\/\/www.botanischer-garten-wuppertal.de\/\">Verein der Freunde und F\u00f6rderer des Botanischen Garten Wuppertal<\/a><\/li>\n<li><a href=\"https:\/\/www.wuppertal.de\/microsite\/kulturbuero\/foerderung\/content\/bergischer-kulturfonds.php\">Bergischer Kulturfonds<\/a><\/li>\n<li><a href=\"http:\/\/www.jackstaedt-stiftung.de\" target=\"_blank\" rel=\"noopener\">Jackst\u00e4dt Stiftung<\/a><\/li>\n<li><a href=\"https:\/\/www.sparkasse-wuppertal.de\">Stadtsparkasse Wuppertal<\/a><\/li>\n<li><a href=\"https:\/\/www.wuppertal.de\/kultur-bildung\/kulturbuero\/index.php\">Kulturb\u00fcro Wuppertal<\/a><\/li>\n<li><a href=\"http:\/\/www.groelle.de\/raum2.php\" target=\"_blank\" rel=\"noopener\">INTERVENTIONS<\/a><\/li>\n<\/ul>\n<\/div>\n<\/div>\n<\/div>\n<\/div>\n<div id=\"pgc-100-7-1\"  class=\"panel-grid-cell panel-grid-cell-empty\"  data-weight=\"0.11017404079788\" ><\/div>\n<\/div>\n<\/div>\n","protected":false},"excerpt":{"rendered":"<p>10. SKULPTURENPROJEKT HARDT\u00a0 Botanischer Garten Wuppertal 03.07.2022 &#8211; 30.09.2022 K\u00fcnstler*Innen: Maike Denker, Ahu Dural, Jochen Damian Fischer, Wolfgang Flad, Bernd Kastner, Renate L\u00f6bbecke, Katharina Maderthaner, Dorothea Nold, Thomas Rentmeister, David Semper, Johannes Specks Organisation: Jaana Caspary, Jonas Hohnke, Charlotte Perrin mit der Unterst\u00fctzung vom Verein der Freunde und F\u00f6rderer des Botanischen Gartens Wuppertal e. V &hellip; <\/p>\n<p class=\"link-more\"><a href=\"https:\/\/www.skulpturenprojekt-hardt.de\/\" class=\"more-link\"><span class=\"screen-reader-text\">\u201eAktuell\u201c <\/span>weiterlesen<\/a><\/p>\n","protected":false},"author":1,"featured_media":0,"parent":0,"menu_order":0,"comment_status":"closed","ping_status":"closed","template":"","meta":{"footnotes":""},"class_list":["post-100","page","type-page","status-publish","hentry"],"yoast_head":"<!-- This site is optimized with the Yoast SEO plugin v26.6 - https:\/\/yoast.com\/wordpress\/plugins\/seo\/ -->\n<title>Aktuell - Skulpturenprojekt Hardt Wuppertal<\/title>\n<meta name=\"description\" content=\"10. Skulpturenprojekt Hardt 03.07.2022 - 30.09.2022 \/ Ausstellung von Skulpturen im Botanischen Garten Wuppertal\" \/>\n<meta name=\"robots\" content=\"index, follow, max-snippet:-1, max-image-preview:large, max-video-preview:-1\" \/>\n<link rel=\"canonical\" href=\"https:\/\/www.skulpturenprojekt-hardt.de\/\" \/>\n<meta property=\"og:locale\" content=\"de_DE\" \/>\n<meta property=\"og:type\" content=\"article\" \/>\n<meta property=\"og:title\" content=\"Aktuell - Skulpturenprojekt Hardt Wuppertal\" \/>\n<meta property=\"og:description\" content=\"10. Skulpturenprojekt Hardt 03.07.2022 - 30.09.2022 \/ Ausstellung von Skulpturen im Botanischen Garten Wuppertal\" \/>\n<meta property=\"og:url\" content=\"https:\/\/www.skulpturenprojekt-hardt.de\/\" \/>\n<meta property=\"og:site_name\" content=\"Skulpturenprojekt Hardt Wuppertal\" \/>\n<meta property=\"article:modified_time\" content=\"2022-06-15T20:36:17+00:00\" \/>\n<meta name=\"twitter:card\" content=\"summary_large_image\" \/>\n<meta name=\"twitter:label1\" content=\"Gesch\u00e4tzte Lesezeit\" \/>\n\t<meta name=\"twitter:data1\" content=\"1\u00a0Minute\" \/>\n<script type=\"application\/ld+json\" class=\"yoast-schema-graph\">{\"@context\":\"https:\/\/schema.org\",\"@graph\":[{\"@type\":\"WebPage\",\"@id\":\"https:\/\/www.skulpturenprojekt-hardt.de\/\",\"url\":\"https:\/\/www.skulpturenprojekt-hardt.de\/\",\"name\":\"Aktuell - Skulpturenprojekt Hardt Wuppertal\",\"isPartOf\":{\"@id\":\"https:\/\/www.skulpturenprojekt-hardt.de\/#website\"},\"datePublished\":\"2017-04-14T18:28:36+00:00\",\"dateModified\":\"2022-06-15T20:36:17+00:00\",\"description\":\"10. Skulpturenprojekt Hardt 03.07.2022 - 30.09.2022 \/ Ausstellung von Skulpturen im Botanischen Garten Wuppertal\",\"breadcrumb\":{\"@id\":\"https:\/\/www.skulpturenprojekt-hardt.de\/#breadcrumb\"},\"inLanguage\":\"de\",\"potentialAction\":[{\"@type\":\"ReadAction\",\"target\":[\"https:\/\/www.skulpturenprojekt-hardt.de\/\"]}]},{\"@type\":\"BreadcrumbList\",\"@id\":\"https:\/\/www.skulpturenprojekt-hardt.de\/#breadcrumb\",\"itemListElement\":[{\"@type\":\"ListItem\",\"position\":1,\"name\":\"Startseite\",\"item\":\"https:\/\/www.skulpturenprojekt-hardt.de\/\"},{\"@type\":\"ListItem\",\"position\":2,\"name\":\"Aktuell\"}]},{\"@type\":\"WebSite\",\"@id\":\"https:\/\/www.skulpturenprojekt-hardt.de\/#website\",\"url\":\"https:\/\/www.skulpturenprojekt-hardt.de\/\",\"name\":\"Skulpturenprojekt Hardt Wuppertal\",\"description\":\"im Botanischen Garten in Wuppertal\",\"potentialAction\":[{\"@type\":\"SearchAction\",\"target\":{\"@type\":\"EntryPoint\",\"urlTemplate\":\"https:\/\/www.skulpturenprojekt-hardt.de\/?s={search_term_string}\"},\"query-input\":{\"@type\":\"PropertyValueSpecification\",\"valueRequired\":true,\"valueName\":\"search_term_string\"}}],\"inLanguage\":\"de\"}]}<\/script>\n<!-- \/ Yoast SEO plugin. -->","yoast_head_json":{"title":"Aktuell - Skulpturenprojekt Hardt Wuppertal","description":"10. Skulpturenprojekt Hardt 03.07.2022 - 30.09.2022 \/ Ausstellung von Skulpturen im Botanischen Garten Wuppertal","robots":{"index":"index","follow":"follow","max-snippet":"max-snippet:-1","max-image-preview":"max-image-preview:large","max-video-preview":"max-video-preview:-1"},"canonical":"https:\/\/www.skulpturenprojekt-hardt.de\/","og_locale":"de_DE","og_type":"article","og_title":"Aktuell - Skulpturenprojekt Hardt Wuppertal","og_description":"10. Skulpturenprojekt Hardt 03.07.2022 - 30.09.2022 \/ Ausstellung von Skulpturen im Botanischen Garten Wuppertal","og_url":"https:\/\/www.skulpturenprojekt-hardt.de\/","og_site_name":"Skulpturenprojekt Hardt Wuppertal","article_modified_time":"2022-06-15T20:36:17+00:00","twitter_card":"summary_large_image","twitter_misc":{"Gesch\u00e4tzte Lesezeit":"1\u00a0Minute"},"schema":{"@context":"https:\/\/schema.org","@graph":[{"@type":"WebPage","@id":"https:\/\/www.skulpturenprojekt-hardt.de\/","url":"https:\/\/www.skulpturenprojekt-hardt.de\/","name":"Aktuell - Skulpturenprojekt Hardt Wuppertal","isPartOf":{"@id":"https:\/\/www.skulpturenprojekt-hardt.de\/#website"},"datePublished":"2017-04-14T18:28:36+00:00","dateModified":"2022-06-15T20:36:17+00:00","description":"10. Skulpturenprojekt Hardt 03.07.2022 - 30.09.2022 \/ Ausstellung von Skulpturen im Botanischen Garten Wuppertal","breadcrumb":{"@id":"https:\/\/www.skulpturenprojekt-hardt.de\/#breadcrumb"},"inLanguage":"de","potentialAction":[{"@type":"ReadAction","target":["https:\/\/www.skulpturenprojekt-hardt.de\/"]}]},{"@type":"BreadcrumbList","@id":"https:\/\/www.skulpturenprojekt-hardt.de\/#breadcrumb","itemListElement":[{"@type":"ListItem","position":1,"name":"Startseite","item":"https:\/\/www.skulpturenprojekt-hardt.de\/"},{"@type":"ListItem","position":2,"name":"Aktuell"}]},{"@type":"WebSite","@id":"https:\/\/www.skulpturenprojekt-hardt.de\/#website","url":"https:\/\/www.skulpturenprojekt-hardt.de\/","name":"Skulpturenprojekt Hardt Wuppertal","description":"im Botanischen Garten in Wuppertal","potentialAction":[{"@type":"SearchAction","target":{"@type":"EntryPoint","urlTemplate":"https:\/\/www.skulpturenprojekt-hardt.de\/?s={search_term_string}"},"query-input":{"@type":"PropertyValueSpecification","valueRequired":true,"valueName":"search_term_string"}}],"inLanguage":"de"}]}},"_links":{"self":[{"href":"https:\/\/www.skulpturenprojekt-hardt.de\/index.php?rest_route=\/wp\/v2\/pages\/100","targetHints":{"allow":["GET"]}}],"collection":[{"href":"https:\/\/www.skulpturenprojekt-hardt.de\/index.php?rest_route=\/wp\/v2\/pages"}],"about":[{"href":"https:\/\/www.skulpturenprojekt-hardt.de\/index.php?rest_route=\/wp\/v2\/types\/page"}],"author":[{"embeddable":true,"href":"https:\/\/www.skulpturenprojekt-hardt.de\/index.php?rest_route=\/wp\/v2\/users\/1"}],"replies":[{"embeddable":true,"href":"https:\/\/www.skulpturenprojekt-hardt.de\/index.php?rest_route=%2Fwp%2Fv2%2Fcomments&post=100"}],"version-history":[{"count":102,"href":"https:\/\/www.skulpturenprojekt-hardt.de\/index.php?rest_route=\/wp\/v2\/pages\/100\/revisions"}],"predecessor-version":[{"id":1029,"href":"https:\/\/www.skulpturenprojekt-hardt.de\/index.php?rest_route=\/wp\/v2\/pages\/100\/revisions\/1029"}],"wp:attachment":[{"href":"https:\/\/www.skulpturenprojekt-hardt.de\/index.php?rest_route=%2Fwp%2Fv2%2Fmedia&parent=100"}],"curies":[{"name":"wp","href":"https:\/\/api.w.org\/{rel}","templated":true}]}}